{"id":1374,"date":"2023-07-10T17:30:53","date_gmt":"2023-07-10T17:30:53","guid":{"rendered":"https:\/\/petrinets2023.deec.fct.unl.pt\/?page_id=1374"},"modified":"2023-07-10T17:48:15","modified_gmt":"2023-07-10T17:48:15","slug":"rock-climbing-class-of-2023","status":"publish","type":"page","link":"https:\/\/petrinets2023.deec.fct.unl.pt\/index.php\/rock-climbing-class-of-2023\/","title":{"rendered":"Rock climbing &#8211; Class of 2023"},"content":{"rendered":"\t\t<div data-elementor-type=\"wp-page\" data-elementor-id=\"1374\" class=\"elementor elementor-1374\">\n\t\t\t\t\t\t\t\t\t<section class=\"elementor-section elementor-top-section elementor-element elementor-element-f1c4b5b elementor-section-boxed elementor-section-height-default elementor-section-height-default\" data-id=\"f1c4b5b\" data-element_type=\"section\">\n\t\t\t\t\t\t<div class=\"elementor-container elementor-column-gap-default\">\n\t\t\t\t\t<div class=\"elementor-column elementor-col-100 elementor-top-column elementor-element elementor-element-fce3b54\" data-id=\"fce3b54\" data-element_type=\"column\">\n\t\t\t<div class=\"elementor-widget-wrap elementor-element-populated\">\n\t\t\t\t\t\t\t\t<div class=\"elementor-element elementor-element-5154164 elementor-widget elementor-widget-text-editor\" data-id=\"5154164\" data-element_type=\"widget\" data-widget_type=\"text-editor.default\">\n\t\t\t\t<div class=\"elementor-widget-container\">\n\t\t\t<style>\/*! elementor - v3.13.2 - 11-05-2023 *\/\n.elementor-widget-text-editor.elementor-drop-cap-view-stacked .elementor-drop-cap{background-color:#69727d;color:#fff}.elementor-widget-text-editor.elementor-drop-cap-view-framed .elementor-drop-cap{color:#69727d;border:3px solid;background-color:transparent}.elementor-widget-text-editor:not(.elementor-drop-cap-view-default) .elementor-drop-cap{margin-top:8px}.elementor-widget-text-editor:not(.elementor-drop-cap-view-default) .elementor-drop-cap-letter{width:1em;height:1em}.elementor-widget-text-editor .elementor-drop-cap{float:left;text-align:center;line-height:1;font-size:50px}.elementor-widget-text-editor .elementor-drop-cap-letter{display:inline-block}<\/style>\t\t\t\t<h1>Rock climbing &#8211; Class of 2023<\/h1><p>Rock climbing is an exhilarating sport that challenges climbers to conquer vertical cliffs using strength, skill, and determination. On July 1, 2023, Jakub Kov\u00e1\u0159, Jan Martijn van der Werf, Jos\u00e9 Pedro Gomes, Lisa Mannel, Luis Gomes, Patrizia Schalk, Pedro Martins, Ricardo Teixeira, Robin Bergenthum, and Stefan Liebich attended the 2023 ATPN Rock Climbing activity, held in Serra da Arr\u00e1bida, Portugal. This activity allows participants to physically challenge themselves while enjoying the natural surroundings. <span lang=\"EN-US\">Several reachability problems were successfully solved and completed at the cliffs of the &#8220;Fenda&#8221; spot, but further work was identified as needed. Further climbing reachability problems were anticipated to be faced during Petri Nets 2024<\/span><\/p><p>\u00a0<\/p>\t\t\t\t\t\t<\/div>\n\t\t\t\t<\/div>\n\t\t\t\t\t<\/div>\n\t\t<\/div>\n\t\t\t\t\t\t\t<\/div>\n\t\t<\/section>\n\t\t\t\t<section class=\"elementor-section elementor-top-section elementor-element elementor-element-d5f39a6 elementor-section-boxed elementor-section-height-default elementor-section-height-default\" data-id=\"d5f39a6\" data-element_type=\"section\">\n\t\t\t\t\t\t<div class=\"elementor-container elementor-column-gap-default\">\n\t\t\t\t\t<div class=\"elementor-column elementor-col-100 elementor-top-column elementor-element elementor-element-9e021dd\" data-id=\"9e021dd\" data-element_type=\"column\">\n\t\t\t<div class=\"elementor-widget-wrap elementor-element-populated\">\n\t\t\t\t\t\t\t\t<div class=\"elementor-element elementor-element-52d279a elementor-widget elementor-widget-image\" data-id=\"52d279a\" data-element_type=\"widget\" data-widget_type=\"image.default\">\n\t\t\t\t<div class=\"elementor-widget-container\">\n\t\t\t<style>\/*! elementor - v3.13.2 - 11-05-2023 *\/\n.elementor-widget-image{text-align:center}.elementor-widget-image a{display:inline-block}.elementor-widget-image a img[src$=\".svg\"]{width:48px}.elementor-widget-image img{vertical-align:middle;display:inline-block}<\/style>\t\t\t\t\t\t\t\t\t\t\t\t<img loading=\"lazy\" decoding=\"async\" width=\"1024\" height=\"768\" src=\"https:\/\/petrinets2023.deec.fct.unl.pt\/wp-content\/uploads\/2023\/07\/PXL_20230701_112842920-1024x768.jpg\" class=\"attachment-large size-large wp-image-1378\" alt=\"\" srcset=\"https:\/\/petrinets2023.deec.fct.unl.pt\/wp-content\/uploads\/2023\/07\/PXL_20230701_112842920-1024x768.jpg 1024w, https:\/\/petrinets2023.deec.fct.unl.pt\/wp-content\/uploads\/2023\/07\/PXL_20230701_112842920-300x225.jpg 300w, https:\/\/petrinets2023.deec.fct.unl.pt\/wp-content\/uploads\/2023\/07\/PXL_20230701_112842920-768x576.jpg 768w, https:\/\/petrinets2023.deec.fct.unl.pt\/wp-content\/uploads\/2023\/07\/PXL_20230701_112842920-1536x1152.jpg 1536w, https:\/\/petrinets2023.deec.fct.unl.pt\/wp-content\/uploads\/2023\/07\/PXL_20230701_112842920-2048x1536.jpg 2048w\" sizes=\"auto, (max-width: 1024px) 100vw, 1024px\" \/>\t\t\t\t\t\t\t\t\t\t\t\t\t\t\t<\/div>\n\t\t\t\t<\/div>\n\t\t\t\t\t<\/div>\n\t\t<\/div>\n\t\t\t\t\t\t\t<\/div>\n\t\t<\/section>\n\t\t\t\t<section class=\"elementor-section elementor-top-section elementor-element elementor-element-59e84ec elementor-section-boxed elementor-section-height-default elementor-section-height-default\" data-id=\"59e84ec\" data-element_type=\"section\">\n\t\t\t\t\t\t<div class=\"elementor-container elementor-column-gap-default\">\n\t\t\t\t\t<div class=\"elementor-column elementor-col-100 elementor-top-column elementor-element elementor-element-37ac4ed\" data-id=\"37ac4ed\" data-element_type=\"column\">\n\t\t\t<div class=\"elementor-widget-wrap elementor-element-populated\">\n\t\t\t\t\t\t\t\t<div class=\"elementor-element elementor-element-33955ed elementor-widget elementor-widget-image\" data-id=\"33955ed\" data-element_type=\"widget\" data-widget_type=\"image.default\">\n\t\t\t\t<div class=\"elementor-widget-container\">\n\t\t\t\t\t\t\t\t\t\t\t\t\t\t\t<img loading=\"lazy\" decoding=\"async\" width=\"785\" height=\"589\" src=\"https:\/\/petrinets2023.deec.fct.unl.pt\/wp-content\/uploads\/2023\/07\/RockClimbing2.jpg\" class=\"attachment-large size-large wp-image-1379\" alt=\"\" srcset=\"https:\/\/petrinets2023.deec.fct.unl.pt\/wp-content\/uploads\/2023\/07\/RockClimbing2.jpg 785w, https:\/\/petrinets2023.deec.fct.unl.pt\/wp-content\/uploads\/2023\/07\/RockClimbing2-300x225.jpg 300w, https:\/\/petrinets2023.deec.fct.unl.pt\/wp-content\/uploads\/2023\/07\/RockClimbing2-768x576.jpg 768w\" sizes=\"auto, (max-width: 785px) 100vw, 785px\" \/>\t\t\t\t\t\t\t\t\t\t\t\t\t\t\t<\/div>\n\t\t\t\t<\/div>\n\t\t\t\t\t<\/div>\n\t\t<\/div>\n\t\t\t\t\t\t\t<\/div>\n\t\t<\/section>\n\t\t\t\t<section class=\"elementor-section elementor-top-section elementor-element elementor-element-614f522 elementor-section-boxed elementor-section-height-default elementor-section-height-default\" data-id=\"614f522\" data-element_type=\"section\">\n\t\t\t\t\t\t<div class=\"elementor-container elementor-column-gap-default\">\n\t\t\t\t\t<div class=\"elementor-column elementor-col-100 elementor-top-column elementor-element elementor-element-0dd69b3\" data-id=\"0dd69b3\" data-element_type=\"column\">\n\t\t\t<div class=\"elementor-widget-wrap elementor-element-populated\">\n\t\t\t\t\t\t\t\t<div class=\"elementor-element elementor-element-1063d3c elementor-widget elementor-widget-image\" data-id=\"1063d3c\" data-element_type=\"widget\" data-widget_type=\"image.default\">\n\t\t\t\t<div class=\"elementor-widget-container\">\n\t\t\t\t\t\t\t\t\t\t\t\t\t\t\t<img loading=\"lazy\" decoding=\"async\" width=\"1024\" height=\"771\" src=\"https:\/\/petrinets2023.deec.fct.unl.pt\/wp-content\/uploads\/2023\/07\/PXL_20230701_074422213-1024x771.jpg\" class=\"attachment-large size-large wp-image-1377\" alt=\"\" srcset=\"https:\/\/petrinets2023.deec.fct.unl.pt\/wp-content\/uploads\/2023\/07\/PXL_20230701_074422213-1024x771.jpg 1024w, https:\/\/petrinets2023.deec.fct.unl.pt\/wp-content\/uploads\/2023\/07\/PXL_20230701_074422213-300x226.jpg 300w, https:\/\/petrinets2023.deec.fct.unl.pt\/wp-content\/uploads\/2023\/07\/PXL_20230701_074422213-768x578.jpg 768w, https:\/\/petrinets2023.deec.fct.unl.pt\/wp-content\/uploads\/2023\/07\/PXL_20230701_074422213-1536x1157.jpg 1536w, https:\/\/petrinets2023.deec.fct.unl.pt\/wp-content\/uploads\/2023\/07\/PXL_20230701_074422213-2048x1542.jpg 2048w\" sizes=\"auto, (max-width: 1024px) 100vw, 1024px\" \/>\t\t\t\t\t\t\t\t\t\t\t\t\t\t\t<\/div>\n\t\t\t\t<\/div>\n\t\t\t\t\t<\/div>\n\t\t<\/div>\n\t\t\t\t\t\t\t<\/div>\n\t\t<\/section>\n\t\t\t\t<section class=\"elementor-section elementor-top-section elementor-element elementor-element-9ff3404 elementor-section-boxed elementor-section-height-default elementor-section-height-default\" data-id=\"9ff3404\" data-element_type=\"section\">\n\t\t\t\t\t\t<div class=\"elementor-container elementor-column-gap-default\">\n\t\t\t\t\t<div class=\"elementor-column elementor-col-100 elementor-top-column elementor-element elementor-element-4401bff\" data-id=\"4401bff\" data-element_type=\"column\">\n\t\t\t<div class=\"elementor-widget-wrap elementor-element-populated\">\n\t\t\t\t\t\t\t\t<div class=\"elementor-element elementor-element-e84d6e4 elementor-widget elementor-widget-image\" data-id=\"e84d6e4\" data-element_type=\"widget\" data-widget_type=\"image.default\">\n\t\t\t\t<div class=\"elementor-widget-container\">\n\t\t\t\t\t\t\t\t\t\t\t\t\t\t\t<img loading=\"lazy\" decoding=\"async\" width=\"1024\" height=\"768\" src=\"https:\/\/petrinets2023.deec.fct.unl.pt\/wp-content\/uploads\/2023\/07\/20230701_133933-1024x768.jpg\" class=\"attachment-large size-large wp-image-1376\" alt=\"\" srcset=\"https:\/\/petrinets2023.deec.fct.unl.pt\/wp-content\/uploads\/2023\/07\/20230701_133933-1024x768.jpg 1024w, https:\/\/petrinets2023.deec.fct.unl.pt\/wp-content\/uploads\/2023\/07\/20230701_133933-300x225.jpg 300w, https:\/\/petrinets2023.deec.fct.unl.pt\/wp-content\/uploads\/2023\/07\/20230701_133933-768x576.jpg 768w, https:\/\/petrinets2023.deec.fct.unl.pt\/wp-content\/uploads\/2023\/07\/20230701_133933-1536x1152.jpg 1536w, https:\/\/petrinets2023.deec.fct.unl.pt\/wp-content\/uploads\/2023\/07\/20230701_133933-2048x1536.jpg 2048w\" sizes=\"auto, (max-width: 1024px) 100vw, 1024px\" \/>\t\t\t\t\t\t\t\t\t\t\t\t\t\t\t<\/div>\n\t\t\t\t<\/div>\n\t\t\t\t\t<\/div>\n\t\t<\/div>\n\t\t\t\t\t\t\t<\/div>\n\t\t<\/section>\n\t\t\t\t\t\t\t<\/div>\n\t\t","protected":false},"excerpt":{"rendered":"<p>Rock climbing &#8211; Class of 2023 Rock climbing is an exhilarating sport that challenges climbers to conquer vertical cliffs using strength, skill, and determination. On July 1, 2023, Jakub Kov\u00e1\u0159, Jan Martijn van der Werf, Jos\u00e9 Pedro Gomes, Lisa Mannel, Luis Gomes, Patrizia Schalk, Pedro Martins, Ricardo Teixeira, Robin Bergenthum, and Stefan Liebich attended the [&hellip;]<\/p>\n","protected":false},"author":1,"featured_media":0,"parent":0,"menu_order":0,"comment_status":"closed","ping_status":"closed","template":"","meta":{"footnotes":""},"folder":[],"class_list":["post-1374","page","type-page","status-publish","hentry","entry"],"_links":{"self":[{"href":"https:\/\/petrinets2023.deec.fct.unl.pt\/index.php\/wp-json\/wp\/v2\/pages\/1374","targetHints":{"allow":["GET"]}}],"collection":[{"href":"https:\/\/petrinets2023.deec.fct.unl.pt\/index.php\/wp-json\/wp\/v2\/pages"}],"about":[{"href":"https:\/\/petrinets2023.deec.fct.unl.pt\/index.php\/wp-json\/wp\/v2\/types\/page"}],"author":[{"embeddable":true,"href":"https:\/\/petrinets2023.deec.fct.unl.pt\/index.php\/wp-json\/wp\/v2\/users\/1"}],"replies":[{"embeddable":true,"href":"https:\/\/petrinets2023.deec.fct.unl.pt\/index.php\/wp-json\/wp\/v2\/comments?post=1374"}],"version-history":[{"count":7,"href":"https:\/\/petrinets2023.deec.fct.unl.pt\/index.php\/wp-json\/wp\/v2\/pages\/1374\/revisions"}],"predecessor-version":[{"id":1394,"href":"https:\/\/petrinets2023.deec.fct.unl.pt\/index.php\/wp-json\/wp\/v2\/pages\/1374\/revisions\/1394"}],"wp:attachment":[{"href":"https:\/\/petrinets2023.deec.fct.unl.pt\/index.php\/wp-json\/wp\/v2\/media?parent=1374"}],"wp:term":[{"taxonomy":"folder","embeddable":true,"href":"https:\/\/petrinets2023.deec.fct.unl.pt\/index.php\/wp-json\/wp\/v2\/folder?post=1374"}],"curies":[{"name":"wp","href":"https:\/\/api.w.org\/{rel}","templated":true}]}}