{"id":1395,"date":"2023-07-10T17:57:35","date_gmt":"2023-07-10T17:57:35","guid":{"rendered":"https:\/\/petrinets2023.deec.fct.unl.pt\/?page_id=1395"},"modified":"2023-07-10T18:13:47","modified_gmt":"2023-07-10T18:13:47","slug":"petri-nets2023-contest-winners","status":"publish","type":"page","link":"https:\/\/petrinets2023.deec.fct.unl.pt\/index.php\/petri-nets2023-contest-winners\/","title":{"rendered":"Petri Nets2023 Contest &#8211; Winners"},"content":{"rendered":"\t\t<div data-elementor-type=\"wp-page\" data-elementor-id=\"1395\" class=\"elementor elementor-1395\">\n\t\t\t\t\t\t\t\t\t<section class=\"elementor-section elementor-top-section elementor-element elementor-element-d7e9033 elementor-section-boxed elementor-section-height-default elementor-section-height-default\" data-id=\"d7e9033\" data-element_type=\"section\">\n\t\t\t\t\t\t<div class=\"elementor-container elementor-column-gap-default\">\n\t\t\t\t\t<div class=\"elementor-column elementor-col-100 elementor-top-column elementor-element elementor-element-e3757ea\" data-id=\"e3757ea\" data-element_type=\"column\">\n\t\t\t<div class=\"elementor-widget-wrap elementor-element-populated\">\n\t\t\t\t\t\t\t\t<div class=\"elementor-element elementor-element-9c1c1c0 elementor-widget elementor-widget-text-editor\" data-id=\"9c1c1c0\" data-element_type=\"widget\" data-widget_type=\"text-editor.default\">\n\t\t\t\t<div class=\"elementor-widget-container\">\n\t\t\t<style>\/*! elementor - v3.13.2 - 11-05-2023 *\/\n.elementor-widget-text-editor.elementor-drop-cap-view-stacked .elementor-drop-cap{background-color:#69727d;color:#fff}.elementor-widget-text-editor.elementor-drop-cap-view-framed .elementor-drop-cap{color:#69727d;border:3px solid;background-color:transparent}.elementor-widget-text-editor:not(.elementor-drop-cap-view-default) .elementor-drop-cap{margin-top:8px}.elementor-widget-text-editor:not(.elementor-drop-cap-view-default) .elementor-drop-cap-letter{width:1em;height:1em}.elementor-widget-text-editor .elementor-drop-cap{float:left;text-align:center;line-height:1;font-size:50px}.elementor-widget-text-editor .elementor-drop-cap-letter{display:inline-block}<\/style>\t\t\t\t<h1>Petri Nets2023 Contest &#8211; Winners<\/h1><p>Nick W\u00fcrdemann, Julian Gaede, Sophie Wallner, Patrizia Schalk, Aaron K\u00fcsters, Lisa Mannel, Laure Petrucci, Andrea Frank, Barbara K\u00f6nig, Jakub Kov\u00e1\u0159, Florian Wittbold, Rebecca Bernemann, Sabine Folz-Weinstein, and Felix Mannhardt.<\/p>\t\t\t\t\t\t<\/div>\n\t\t\t\t<\/div>\n\t\t\t\t\t<\/div>\n\t\t<\/div>\n\t\t\t\t\t\t\t<\/div>\n\t\t<\/section>\n\t\t\t\t<section class=\"elementor-section elementor-top-section elementor-element elementor-element-86c5ec6 elementor-section-boxed elementor-section-height-default elementor-section-height-default\" data-id=\"86c5ec6\" data-element_type=\"section\">\n\t\t\t\t\t\t<div class=\"elementor-container elementor-column-gap-default\">\n\t\t\t\t\t<div class=\"elementor-column elementor-col-100 elementor-top-column elementor-element elementor-element-d6bf7aa\" data-id=\"d6bf7aa\" data-element_type=\"column\">\n\t\t\t<div class=\"elementor-widget-wrap elementor-element-populated\">\n\t\t\t\t\t\t\t\t<div class=\"elementor-element elementor-element-cbda253 elementor-widget elementor-widget-image\" data-id=\"cbda253\" data-element_type=\"widget\" data-widget_type=\"image.default\">\n\t\t\t\t<div class=\"elementor-widget-container\">\n\t\t\t<style>\/*! elementor - v3.13.2 - 11-05-2023 *\/\n.elementor-widget-image{text-align:center}.elementor-widget-image a{display:inline-block}.elementor-widget-image a img[src$=\".svg\"]{width:48px}.elementor-widget-image img{vertical-align:middle;display:inline-block}<\/style>\t\t\t\t\t\t\t\t\t\t\t\t<img loading=\"lazy\" decoding=\"async\" width=\"1024\" height=\"483\" src=\"https:\/\/petrinets2023.deec.fct.unl.pt\/wp-content\/uploads\/2023\/07\/contestWinners-1024x483.jpg\" class=\"attachment-large size-large wp-image-1398\" alt=\"\" srcset=\"https:\/\/petrinets2023.deec.fct.unl.pt\/wp-content\/uploads\/2023\/07\/contestWinners-1024x483.jpg 1024w, https:\/\/petrinets2023.deec.fct.unl.pt\/wp-content\/uploads\/2023\/07\/contestWinners-300x141.jpg 300w, https:\/\/petrinets2023.deec.fct.unl.pt\/wp-content\/uploads\/2023\/07\/contestWinners-768x362.jpg 768w, https:\/\/petrinets2023.deec.fct.unl.pt\/wp-content\/uploads\/2023\/07\/contestWinners-1536x724.jpg 1536w, https:\/\/petrinets2023.deec.fct.unl.pt\/wp-content\/uploads\/2023\/07\/contestWinners-2048x965.jpg 2048w\" sizes=\"auto, (max-width: 1024px) 100vw, 1024px\" \/>\t\t\t\t\t\t\t\t\t\t\t\t\t\t\t<\/div>\n\t\t\t\t<\/div>\n\t\t\t\t\t<\/div>\n\t\t<\/div>\n\t\t\t\t\t\t\t<\/div>\n\t\t<\/section>\n\t\t\t\t<section class=\"elementor-section elementor-top-section elementor-element elementor-element-cb258d4 elementor-section-boxed elementor-section-height-default elementor-section-height-default\" data-id=\"cb258d4\" data-element_type=\"section\">\n\t\t\t\t\t\t<div class=\"elementor-container elementor-column-gap-default\">\n\t\t\t\t\t<div class=\"elementor-column elementor-col-100 elementor-top-column elementor-element elementor-element-fd2dcdb\" data-id=\"fd2dcdb\" data-element_type=\"column\">\n\t\t\t<div class=\"elementor-widget-wrap\">\n\t\t\t\t\t\t\t\t\t<\/div>\n\t\t<\/div>\n\t\t\t\t\t\t\t<\/div>\n\t\t<\/section>\n\t\t\t\t<section class=\"elementor-section elementor-top-section elementor-element elementor-element-a1a3db1 elementor-section-boxed elementor-section-height-default elementor-section-height-default\" data-id=\"a1a3db1\" data-element_type=\"section\">\n\t\t\t\t\t\t<div class=\"elementor-container elementor-column-gap-default\">\n\t\t\t\t\t<div class=\"elementor-column elementor-col-100 elementor-top-column elementor-element elementor-element-18b6c8a\" data-id=\"18b6c8a\" data-element_type=\"column\">\n\t\t\t<div class=\"elementor-widget-wrap elementor-element-populated\">\n\t\t\t\t\t\t\t\t<div class=\"elementor-element elementor-element-d7ca2f7 elementor-widget elementor-widget-text-editor\" data-id=\"d7ca2f7\" data-element_type=\"widget\" data-widget_type=\"text-editor.default\">\n\t\t\t\t<div class=\"elementor-widget-container\">\n\t\t\t\t\t\t\t<h3>\u00a0<\/h3><h3>Challenge of the Petri Nets 2023<\/h3>\t\t\t\t\t\t<\/div>\n\t\t\t\t<\/div>\n\t\t\t\t\t<\/div>\n\t\t<\/div>\n\t\t\t\t\t\t\t<\/div>\n\t\t<\/section>\n\t\t\t\t<section class=\"elementor-section elementor-top-section elementor-element elementor-element-7c5c35a elementor-section-boxed elementor-section-height-default elementor-section-height-default\" data-id=\"7c5c35a\" data-element_type=\"section\">\n\t\t\t\t\t\t<div class=\"elementor-container elementor-column-gap-default\">\n\t\t\t\t\t<div class=\"elementor-column elementor-col-50 elementor-top-column elementor-element elementor-element-287b207\" data-id=\"287b207\" data-element_type=\"column\">\n\t\t\t<div class=\"elementor-widget-wrap elementor-element-populated\">\n\t\t\t\t\t\t\t\t<div class=\"elementor-element elementor-element-ecbb63f elementor-widget elementor-widget-image\" data-id=\"ecbb63f\" data-element_type=\"widget\" data-widget_type=\"image.default\">\n\t\t\t\t<div class=\"elementor-widget-container\">\n\t\t\t\t\t\t\t\t\t\t\t\t\t\t\t<img loading=\"lazy\" decoding=\"async\" width=\"724\" height=\"1024\" src=\"https:\/\/petrinets2023.deec.fct.unl.pt\/wp-content\/uploads\/2023\/07\/PETRI-NETS-2023-724x1024.png\" class=\"attachment-large size-large wp-image-1397\" alt=\"\" srcset=\"https:\/\/petrinets2023.deec.fct.unl.pt\/wp-content\/uploads\/2023\/07\/PETRI-NETS-2023-724x1024.png 724w, https:\/\/petrinets2023.deec.fct.unl.pt\/wp-content\/uploads\/2023\/07\/PETRI-NETS-2023-212x300.png 212w, https:\/\/petrinets2023.deec.fct.unl.pt\/wp-content\/uploads\/2023\/07\/PETRI-NETS-2023-768x1086.png 768w, https:\/\/petrinets2023.deec.fct.unl.pt\/wp-content\/uploads\/2023\/07\/PETRI-NETS-2023-1086x1536.png 1086w, https:\/\/petrinets2023.deec.fct.unl.pt\/wp-content\/uploads\/2023\/07\/PETRI-NETS-2023.png 1230w\" sizes=\"auto, (max-width: 724px) 100vw, 724px\" \/>\t\t\t\t\t\t\t\t\t\t\t\t\t\t\t<\/div>\n\t\t\t\t<\/div>\n\t\t\t\t\t<\/div>\n\t\t<\/div>\n\t\t\t\t<div class=\"elementor-column elementor-col-50 elementor-top-column elementor-element elementor-element-150ee00\" data-id=\"150ee00\" data-element_type=\"column\">\n\t\t\t<div class=\"elementor-widget-wrap elementor-element-populated\">\n\t\t\t\t\t\t\t\t<div class=\"elementor-element elementor-element-314aeb8 elementor-widget elementor-widget-text-editor\" data-id=\"314aeb8\" data-element_type=\"widget\" data-widget_type=\"text-editor.default\">\n\t\t\t\t<div class=\"elementor-widget-container\">\n\t\t\t\t\t\t\t<div><strong><i>With this badge, the participant can be identified as someone who:<\/i><\/strong><\/div><div><ul><li>Belongs to the steering committee<\/li><li>Belongs to the programme committee<\/li><li>Belongs to the organizing committee<\/li><li>Is a workshop organizer<\/li><li>Is a keynote speaker<\/li><li>Is an author<\/li><li>Is participating in the paddle tournament<\/li><li>Is participating in the rock climbing<\/li><li>Will be attending the gala dinner<\/li><li>Has a vegetarian dietary preference<\/li><li>Has a vegan dietary preference<\/li><li>Has allergies to fish<\/li><li>Has allergies to nuts<\/li><li>Has allergies to shrimps<\/li><li>Has allergies to gluten<\/li><li>Is attending conference+school\/workshops\/<wbr \/>tutorial only (Sunday-Friday June 25-30)<\/li><li>Is attending conference+workshops and tutorials only (Monday-Friday June 26-30)<\/li><li>Is attending school\/tutorials\/workshops only (Sunday-Tuesday June 25-27)<\/li><li>Is attending conference only (Wednesday-Friday June 28-30)<\/li><li>Is attending conference+workshops and tutorials only (Monday + Wednesday-Friday June 26 + 28-30<\/li><li>Is attending conference+workshops and tutorials only (Tuesday-Friday June 27-30)<\/li><li>Is attending workshops and tutorials only (Monday + Tuesday June 26 + 27)<\/li><li>Is attending workshops and tutorials only (Monday June 26)<\/li><li>Is attending workshops and tutorials only (Tuesday June 27)<\/li><li>None of the above<\/li><\/ul><\/div>\t\t\t\t\t\t<\/div>\n\t\t\t\t<\/div>\n\t\t\t\t\t<\/div>\n\t\t<\/div>\n\t\t\t\t\t\t\t<\/div>\n\t\t<\/section>\n\t\t\t\t\t\t\t<\/div>\n\t\t","protected":false},"excerpt":{"rendered":"<p>Petri Nets2023 Contest &#8211; Winners Nick W\u00fcrdemann, Julian Gaede, Sophie Wallner, Patrizia Schalk, Aaron K\u00fcsters, Lisa Mannel, Laure Petrucci, Andrea Frank, Barbara K\u00f6nig, Jakub Kov\u00e1\u0159, Florian Wittbold, Rebecca Bernemann, Sabine Folz-Weinstein, and Felix Mannhardt. \u00a0 Challenge of the Petri Nets 2023 With this badge, the participant can be identified as someone who: Belongs to the [&hellip;]<\/p>\n","protected":false},"author":1,"featured_media":0,"parent":0,"menu_order":0,"comment_status":"closed","ping_status":"closed","template":"","meta":{"footnotes":""},"folder":[],"class_list":["post-1395","page","type-page","status-publish","hentry","entry"],"_links":{"self":[{"href":"https:\/\/petrinets2023.deec.fct.unl.pt\/index.php\/wp-json\/wp\/v2\/pages\/1395","targetHints":{"allow":["GET"]}}],"collection":[{"href":"https:\/\/petrinets2023.deec.fct.unl.pt\/index.php\/wp-json\/wp\/v2\/pages"}],"about":[{"href":"https:\/\/petrinets2023.deec.fct.unl.pt\/index.php\/wp-json\/wp\/v2\/types\/page"}],"author":[{"embeddable":true,"href":"https:\/\/petrinets2023.deec.fct.unl.pt\/index.php\/wp-json\/wp\/v2\/users\/1"}],"replies":[{"embeddable":true,"href":"https:\/\/petrinets2023.deec.fct.unl.pt\/index.php\/wp-json\/wp\/v2\/comments?post=1395"}],"version-history":[{"count":22,"href":"https:\/\/petrinets2023.deec.fct.unl.pt\/index.php\/wp-json\/wp\/v2\/pages\/1395\/revisions"}],"predecessor-version":[{"id":1419,"href":"https:\/\/petrinets2023.deec.fct.unl.pt\/index.php\/wp-json\/wp\/v2\/pages\/1395\/revisions\/1419"}],"wp:attachment":[{"href":"https:\/\/petrinets2023.deec.fct.unl.pt\/index.php\/wp-json\/wp\/v2\/media?parent=1395"}],"wp:term":[{"taxonomy":"folder","embeddable":true,"href":"https:\/\/petrinets2023.deec.fct.unl.pt\/index.php\/wp-json\/wp\/v2\/folder?post=1395"}],"curies":[{"name":"wp","href":"https:\/\/api.w.org\/{rel}","templated":true}]}}