{"id":169,"date":"2022-10-11T10:56:10","date_gmt":"2022-10-11T10:56:10","guid":{"rendered":"https:\/\/petrinets2023.deec.fct.unl.pt\/?page_id=169"},"modified":"2023-06-13T22:35:34","modified_gmt":"2023-06-13T22:35:34","slug":"committees","status":"publish","type":"page","link":"https:\/\/petrinets2023.deec.fct.unl.pt\/index.php\/committees\/","title":{"rendered":"Committees"},"content":{"rendered":"\t\t<div data-elementor-type=\"wp-page\" data-elementor-id=\"169\" class=\"elementor elementor-169\">\n\t\t\t\t\t\t\t\t\t<section class=\"elementor-section elementor-top-section elementor-element elementor-element-ac95411 elementor-section-boxed elementor-section-height-default elementor-section-height-default\" data-id=\"ac95411\" data-element_type=\"section\">\n\t\t\t\t\t\t<div class=\"elementor-container elementor-column-gap-default\">\n\t\t\t\t\t<div class=\"elementor-column elementor-col-100 elementor-top-column elementor-element elementor-element-fa43868\" data-id=\"fa43868\" data-element_type=\"column\">\n\t\t\t<div class=\"elementor-widget-wrap elementor-element-populated\">\n\t\t\t\t\t\t\t\t<div class=\"elementor-element elementor-element-21ee848 elementor-widget elementor-widget-text-editor\" data-id=\"21ee848\" data-element_type=\"widget\" data-widget_type=\"text-editor.default\">\n\t\t\t\t<div class=\"elementor-widget-container\">\n\t\t\t<style>\/*! elementor - v3.13.2 - 11-05-2023 *\/\n.elementor-widget-text-editor.elementor-drop-cap-view-stacked .elementor-drop-cap{background-color:#69727d;color:#fff}.elementor-widget-text-editor.elementor-drop-cap-view-framed .elementor-drop-cap{color:#69727d;border:3px solid;background-color:transparent}.elementor-widget-text-editor:not(.elementor-drop-cap-view-default) .elementor-drop-cap{margin-top:8px}.elementor-widget-text-editor:not(.elementor-drop-cap-view-default) .elementor-drop-cap-letter{width:1em;height:1em}.elementor-widget-text-editor .elementor-drop-cap{float:left;text-align:center;line-height:1;font-size:50px}.elementor-widget-text-editor .elementor-drop-cap-letter{display:inline-block}<\/style>\t\t\t\t<h1>Committees<\/h1>\t\t\t\t\t\t<\/div>\n\t\t\t\t<\/div>\n\t\t\t\t\t<\/div>\n\t\t<\/div>\n\t\t\t\t\t\t\t<\/div>\n\t\t<\/section>\n\t\t\t\t<section class=\"elementor-section elementor-top-section elementor-element elementor-element-01ff851 elementor-section-boxed elementor-section-height-default elementor-section-height-default\" data-id=\"01ff851\" data-element_type=\"section\">\n\t\t\t\t\t\t<div class=\"elementor-container elementor-column-gap-default\">\n\t\t\t\t\t<div class=\"elementor-column elementor-col-100 elementor-top-column elementor-element elementor-element-4f2f36d\" data-id=\"4f2f36d\" data-element_type=\"column\">\n\t\t\t<div class=\"elementor-widget-wrap elementor-element-populated\">\n\t\t\t\t\t\t\t\t<div class=\"elementor-element elementor-element-3ca5428 elementor-widget elementor-widget-text-editor\" data-id=\"3ca5428\" data-element_type=\"widget\" data-widget_type=\"text-editor.default\">\n\t\t\t\t<div class=\"elementor-widget-container\">\n\t\t\t\t\t\t\t<h2><span dir=\"ltr\" role=\"presentation\">Steering committee<\/span><\/h2>\t\t\t\t\t\t<\/div>\n\t\t\t\t<\/div>\n\t\t\t\t\t<\/div>\n\t\t<\/div>\n\t\t\t\t\t\t\t<\/div>\n\t\t<\/section>\n\t\t\t\t<section class=\"elementor-section elementor-top-section elementor-element elementor-element-f50d8dd elementor-section-boxed elementor-section-height-default elementor-section-height-default\" data-id=\"f50d8dd\" data-element_type=\"section\">\n\t\t\t\t\t\t<div class=\"elementor-container elementor-column-gap-default\">\n\t\t\t\t\t<div class=\"elementor-column elementor-col-100 elementor-top-column elementor-element elementor-element-a46daa9\" data-id=\"a46daa9\" data-element_type=\"column\">\n\t\t\t<div class=\"elementor-widget-wrap elementor-element-populated\">\n\t\t\t\t\t\t\t\t<section class=\"elementor-section elementor-inner-section elementor-element elementor-element-964aec2 elementor-section-boxed elementor-section-height-default elementor-section-height-default\" data-id=\"964aec2\" data-element_type=\"section\">\n\t\t\t\t\t\t<div class=\"elementor-container elementor-column-gap-default\">\n\t\t\t\t\t<div class=\"elementor-column elementor-col-50 elementor-inner-column elementor-element elementor-element-a309566\" data-id=\"a309566\" data-element_type=\"column\">\n\t\t\t<div class=\"elementor-widget-wrap elementor-element-populated\">\n\t\t\t\t\t\t\t\t<div class=\"elementor-element elementor-element-0f298bb elementor-widget elementor-widget-text-editor\" data-id=\"0f298bb\" data-element_type=\"widget\" data-widget_type=\"text-editor.default\">\n\t\t\t\t<div class=\"elementor-widget-container\">\n\t\t\t\t\t\t\t<p><strong>W. van der Aalst<\/strong>, Germany <br \/><strong>G. Ciardo<\/strong>, USA <br \/><strong>J. Desel<\/strong>, Germany <br \/><strong>S. Donatelli<\/strong>, Italy <br \/><strong>S. Haddad<\/strong>, France <br \/><strong>K. Hiraishi<\/strong>, Japan <br \/><strong>J. Kleijn<\/strong>, The Netherlands<br \/><strong>F. Kordon<\/strong>, France <br \/><strong>M. Koutny<\/strong>, UK (chair)<\/p>\t\t\t\t\t\t<\/div>\n\t\t\t\t<\/div>\n\t\t\t\t\t<\/div>\n\t\t<\/div>\n\t\t\t\t<div class=\"elementor-column elementor-col-50 elementor-inner-column elementor-element elementor-element-4051581\" data-id=\"4051581\" data-element_type=\"column\">\n\t\t\t<div class=\"elementor-widget-wrap elementor-element-populated\">\n\t\t\t\t\t\t\t\t<div class=\"elementor-element elementor-element-df6c202 elementor-widget elementor-widget-text-editor\" data-id=\"df6c202\" data-element_type=\"widget\" data-widget_type=\"text-editor.default\">\n\t\t\t\t<div class=\"elementor-widget-container\">\n\t\t\t\t\t\t\t<p><strong>L. M. Kristensen<\/strong>, Norway<br \/><strong>C. Lin<\/strong>, China<br \/><strong>W. Penczek<\/strong>, Poland<br \/><strong>L. Pomello<\/strong>, Italy<br \/><strong>W. Reisig<\/strong>, Germany<br \/><strong>G. Rozenberg<\/strong>, The Netherlands<br \/><strong>A. Valmari<\/strong>, Finland<br \/><strong>A. Yakovlev<\/strong>, UK<\/p>\t\t\t\t\t\t<\/div>\n\t\t\t\t<\/div>\n\t\t\t\t\t<\/div>\n\t\t<\/div>\n\t\t\t\t\t\t\t<\/div>\n\t\t<\/section>\n\t\t\t\t\t<\/div>\n\t\t<\/div>\n\t\t\t\t\t\t\t<\/div>\n\t\t<\/section>\n\t\t\t\t<section class=\"elementor-section elementor-top-section elementor-element elementor-element-15e9157 elementor-section-boxed elementor-section-height-default elementor-section-height-default\" data-id=\"15e9157\" data-element_type=\"section\">\n\t\t\t\t\t\t<div class=\"elementor-container elementor-column-gap-default\">\n\t\t\t\t\t<div class=\"elementor-column elementor-col-100 elementor-top-column elementor-element elementor-element-bc7b17c\" data-id=\"bc7b17c\" data-element_type=\"column\">\n\t\t\t<div class=\"elementor-widget-wrap elementor-element-populated\">\n\t\t\t\t\t\t\t\t<div class=\"elementor-element elementor-element-41e1151 elementor-widget elementor-widget-text-editor\" data-id=\"41e1151\" data-element_type=\"widget\" data-widget_type=\"text-editor.default\">\n\t\t\t\t<div class=\"elementor-widget-container\">\n\t\t\t\t\t\t\t<h2>Organising Committee<\/h2>\t\t\t\t\t\t<\/div>\n\t\t\t\t<\/div>\n\t\t\t\t\t<\/div>\n\t\t<\/div>\n\t\t\t\t\t\t\t<\/div>\n\t\t<\/section>\n\t\t\t\t<section class=\"elementor-section elementor-top-section elementor-element elementor-element-4113046 elementor-section-boxed elementor-section-height-default elementor-section-height-default\" data-id=\"4113046\" data-element_type=\"section\">\n\t\t\t\t\t\t<div class=\"elementor-container elementor-column-gap-default\">\n\t\t\t\t\t<div class=\"elementor-column elementor-col-100 elementor-top-column elementor-element elementor-element-e4a5646\" data-id=\"e4a5646\" data-element_type=\"column\">\n\t\t\t<div class=\"elementor-widget-wrap elementor-element-populated\">\n\t\t\t\t\t\t\t\t<div class=\"elementor-element elementor-element-d983e1e elementor-widget elementor-widget-text-editor\" data-id=\"d983e1e\" data-element_type=\"widget\" data-widget_type=\"text-editor.default\">\n\t\t\t\t<div class=\"elementor-widget-container\">\n\t\t\t\t\t\t\t<h3>Programme committee co-chairs<\/h3><p><a href=\"https:\/\/novaresearch.unl.pt\/en\/persons\/lu%C3%ADs-filipe-dos-santos-gomes\" target=\"_blank\" rel=\"noopener\"><strong>Luis Gomes<\/strong><\/a>, NOVA University Lisbon, Portugal<br \/><a href=\"https:\/\/www.uni-augsburg.de\/de\/fakultaet\/fai\/informatik\/prof\/concurrent-systems\/team\/lorenz\/\" target=\"_blank\" rel=\"noopener\"><strong>Robert Lorenz<\/strong><\/a>, Universit\u00e4t Augsburg, Germany<\/p><h3>Organising chairs<\/h3><p><a href=\"https:\/\/novaresearch.unl.pt\/en\/persons\/anik%C3%B3-katalin-horv%C3%A1th-da-costa\" target=\"_blank\" rel=\"noopener\"><strong>Anik\u00f3 Costa<\/strong><\/a>, NOVA University Lisbon, Portugal<br \/><a href=\"http:\/\/labsi2.ipbeja.pt\/team\/issb_en.html\" target=\"_blank\" rel=\"noopener\"><strong>Isabel Sofia Brito<\/strong><\/a>, Instituto Polit\u00e9cnico de Beja, Portugal<\/p><h3><span dir=\"ltr\" role=\"presentation\">Tool exhibition chairs<\/span><\/h3><p><span dir=\"ltr\" role=\"presentation\"><a href=\"https:\/\/novaresearch.unl.pt\/en\/persons\/filipe-moutinho\" target=\"_blank\" rel=\"noopener\"><strong>Filipe Moutinho<\/strong><\/a>, <\/span><span dir=\"ltr\" role=\"presentation\">NOVA University Lisbon, Portugal<\/span><br role=\"presentation\" \/><span dir=\"ltr\" role=\"presentation\"><a href=\"https:\/\/isel.pt\/docentes\/fernando-joaquim-ganhao-pereira\" target=\"_blank\" rel=\"noopener\"><strong>Fernando Pereira<\/strong><\/a>, <\/span><span dir=\"ltr\" role=\"presentation\">ISEL, Portugal<\/span><\/p><h3><span dir=\"ltr\" role=\"presentation\">Workshops co-chairs<\/span><\/h3><p><span dir=\"ltr\" role=\"presentation\"><a href=\"https:\/\/www.unito.it\/persone\/sdonatel\" target=\"_blank\" rel=\"noopener\"><strong>Susanna Donatelli<\/strong><\/a>, <\/span><span dir=\"ltr\" role=\"presentation\">Universit\u00e0 di Torino, Italy<\/span><br role=\"presentation\" \/><span dir=\"ltr\" role=\"presentation\"><a href=\"https:\/\/www.fernuni-hagen.de\/mi\/fakultaet\/lehrende\/bergenthum\/index.shtml\" target=\"_blank\" rel=\"noopener\"><strong>Robin Bergenthum<\/strong><\/a>, <\/span><span dir=\"ltr\" role=\"presentation\">Fern Universit\u00e4t in Hagen, Germany<\/span><\/p><h3><span dir=\"ltr\" role=\"presentation\">Petri Net Course and Tutorials co-chairs<\/span><\/h3><p><span dir=\"ltr\" role=\"presentation\"><a href=\"https:\/\/www.fernuni-hagen.de\/sttp\/team\/joerg.desel.shtml\" target=\"_blank\" rel=\"noopener\"><strong>J\u00f6rg Desel<\/strong><\/a>, <\/span><span dir=\"ltr\" role=\"presentation\">Fern Universit\u00e4t in Hagen, Germany<\/span><br role=\"presentation\" \/><span dir=\"ltr\" role=\"presentation\"><a href=\"https:\/\/www.universiteitleiden.nl\/en\/staffmembers\/jetty-kleijn#tab-1\" target=\"_blank\" rel=\"noopener\"><strong>Jetty Kleijn<\/strong><\/a>, <\/span><span dir=\"ltr\" role=\"presentation\">Leiden University, The Netherlands<\/span><\/p>\t\t\t\t\t\t<\/div>\n\t\t\t\t<\/div>\n\t\t\t\t\t<\/div>\n\t\t<\/div>\n\t\t\t\t\t\t\t<\/div>\n\t\t<\/section>\n\t\t\t\t<section class=\"elementor-section elementor-top-section elementor-element elementor-element-0128645 elementor-section-boxed elementor-section-height-default elementor-section-height-default\" data-id=\"0128645\" data-element_type=\"section\">\n\t\t\t\t\t\t<div class=\"elementor-container elementor-column-gap-default\">\n\t\t\t\t\t<div class=\"elementor-column elementor-col-100 elementor-top-column elementor-element elementor-element-4f75f63\" data-id=\"4f75f63\" data-element_type=\"column\">\n\t\t\t<div class=\"elementor-widget-wrap elementor-element-populated\">\n\t\t\t\t\t\t\t\t<div class=\"elementor-element elementor-element-645ef92 elementor-widget elementor-widget-text-editor\" data-id=\"645ef92\" data-element_type=\"widget\" data-widget_type=\"text-editor.default\">\n\t\t\t\t<div class=\"elementor-widget-container\">\n\t\t\t\t\t\t\t<h2>Programme committee<\/h2><p>Elvio Amparore, Italy<br \/>Abel Armas Cervantes, Australia<br \/>Paolo Baldan, Italy<br \/>Jo\u00e3o Paulo Barros, Portugal<br \/>B\u00e9atrice B\u00e9rard, France<br \/>Luca Bernardinello, Italy<br \/>Didier Buchs, Switzerland<br \/>Raymond Devillers, Belgium<br \/>J\u00f6rg Desel, Germany<br \/>Susanna Donatelli, Italy<br \/>Natalia Sidorova, The Netherlands<br \/>Javier Esparza, Germany<br \/>Jo\u00e3o Miguel Fernandes, Portugal<br \/>David de Frutos Escrig, Spain<br \/>Stefan Haar, France<br \/>Xudong He, USA<br \/>Lo\u00efc Helouet, France<br \/>Ryszard Janicki, Canada<br \/>Anna Kalenkova, Australia<br \/>J\u00f6rg Keller, Germany<br \/>Ekkart Kindler, Denmark<br \/>Michael K\u00f6hler-Bu\u00dfmeier, Germany<br \/>Irina Lomazova, Russia<br \/>Lukasz Mikulski, Poland<br \/>Andrew Miner, USA<br \/>Marco Montali, Italy<br \/>Laure Petrucci, France<br \/>Jaco van de Pol, Denmark<br \/>Artem Polyvyanyy, Australia<br \/>Pierre-Alain Reynier<br \/>Arnaud Sangnier, France<br \/>Boudewijn van Dongen, The Netherlands<br \/>Alex Yakovlev, UK<br \/>Remigiusz Wisniewski, Poland<\/p>\t\t\t\t\t\t<\/div>\n\t\t\t\t<\/div>\n\t\t\t\t\t<\/div>\n\t\t<\/div>\n\t\t\t\t\t\t\t<\/div>\n\t\t<\/section>\n\t\t\t\t<section class=\"elementor-section elementor-top-section elementor-element elementor-element-2cc12e3 elementor-section-boxed elementor-section-height-default elementor-section-height-default\" data-id=\"2cc12e3\" data-element_type=\"section\">\n\t\t\t\t\t\t<div class=\"elementor-container elementor-column-gap-default\">\n\t\t\t\t\t<div class=\"elementor-column elementor-col-100 elementor-top-column elementor-element elementor-element-c8efca7\" data-id=\"c8efca7\" data-element_type=\"column\">\n\t\t\t<div class=\"elementor-widget-wrap elementor-element-populated\">\n\t\t\t\t\t\t\t\t<div class=\"elementor-element elementor-element-9771ff7 elementor-widget elementor-widget-text-editor\" data-id=\"9771ff7\" data-element_type=\"widget\" data-widget_type=\"text-editor.default\">\n\t\t\t\t<div class=\"elementor-widget-container\">\n\t\t\t\t\t\t\t<h2>Local organising committee<\/h2>\n<p>Anik\u00f3 Costa (chair)<br>Carolina Lagartinho-Oliveira<br>Fernando Pereira<br>Filipe Moutinho<br>Isabel Sofia Brito (chair)<br>Jo\u00e3o Paulo Barros<br>Jos\u00e9 Ribeiro<br>Luis Gomes<br>Rog\u00e9rio Campos-Rebelo<\/p>\t\t\t\t\t\t<\/div>\n\t\t\t\t<\/div>\n\t\t\t\t\t<\/div>\n\t\t<\/div>\n\t\t\t\t\t\t\t<\/div>\n\t\t<\/section>\n\t\t\t\t\t\t\t<\/div>\n\t\t","protected":false},"excerpt":{"rendered":"<p>Committees Steering committee W. van der Aalst, Germany G. Ciardo, USA J. Desel, Germany S. Donatelli, Italy S. Haddad, France K. Hiraishi, Japan J. Kleijn, The NetherlandsF. Kordon, France M. Koutny, UK (chair) L. M. Kristensen, NorwayC. Lin, ChinaW. Penczek, PolandL. Pomello, ItalyW. Reisig, GermanyG. Rozenberg, The NetherlandsA. Valmari, FinlandA. Yakovlev, UK Organising Committee Programme [&hellip;]<\/p>\n","protected":false},"author":1,"featured_media":0,"parent":0,"menu_order":0,"comment_status":"closed","ping_status":"closed","template":"","meta":{"footnotes":""},"folder":[],"class_list":["post-169","page","type-page","status-publish","hentry","entry"],"_links":{"self":[{"href":"https:\/\/petrinets2023.deec.fct.unl.pt\/index.php\/wp-json\/wp\/v2\/pages\/169","targetHints":{"allow":["GET"]}}],"collection":[{"href":"https:\/\/petrinets2023.deec.fct.unl.pt\/index.php\/wp-json\/wp\/v2\/pages"}],"about":[{"href":"https:\/\/petrinets2023.deec.fct.unl.pt\/index.php\/wp-json\/wp\/v2\/types\/page"}],"author":[{"embeddable":true,"href":"https:\/\/petrinets2023.deec.fct.unl.pt\/index.php\/wp-json\/wp\/v2\/users\/1"}],"replies":[{"embeddable":true,"href":"https:\/\/petrinets2023.deec.fct.unl.pt\/index.php\/wp-json\/wp\/v2\/comments?post=169"}],"version-history":[{"count":91,"href":"https:\/\/petrinets2023.deec.fct.unl.pt\/index.php\/wp-json\/wp\/v2\/pages\/169\/revisions"}],"predecessor-version":[{"id":1097,"href":"https:\/\/petrinets2023.deec.fct.unl.pt\/index.php\/wp-json\/wp\/v2\/pages\/169\/revisions\/1097"}],"wp:attachment":[{"href":"https:\/\/petrinets2023.deec.fct.unl.pt\/index.php\/wp-json\/wp\/v2\/media?parent=169"}],"wp:term":[{"taxonomy":"folder","embeddable":true,"href":"https:\/\/petrinets2023.deec.fct.unl.pt\/index.php\/wp-json\/wp\/v2\/folder?post=169"}],"curies":[{"name":"wp","href":"https:\/\/api.w.org\/{rel}","templated":true}]}}